{"id":101,"date":"2021-12-01T11:03:26","date_gmt":"2021-12-01T10:03:26","guid":{"rendered":"https:\/\/tenkey.eu\/ma-preprod\/?page_id=101"},"modified":"2024-08-30T13:58:48","modified_gmt":"2024-08-30T12:58:48","slug":"le-bysi","status":"publish","type":"page","link":"https:\/\/tenkey.eu\/ma-preprod\/le-bysi\/","title":{"rendered":"Le Bysi"},"content":{"rendered":"\n<div style=\"height:40px\" aria-hidden=\"true\" class=\"wp-block-spacer\"><\/div>\n\n\n\n<div class=\"wp-block-cover alignfull\"><video class=\"wp-block-cover__video-background intrinsic-ignore\" autoplay muted loop playsinline src=\"https:\/\/tenkey.eu\/ma-preprod\/wp-content\/uploads\/2022\/01\/Le-Bysi-un-Side-Bike-fait-en-France.mp4\" data-object-fit=\"cover\"><\/video><div class=\"wp-block-cover__inner-container is-layout-flow wp-block-cover-is-layout-flow\">\n<p class=\"has-text-align-center has-large-font-size\"><\/p>\n<\/div><\/div>\n\n\n\n<h4 class=\"has-text-align-center wp-block-heading\">Une remorque v\u00e9lo, un side bike, une remorque lat\u00e9rale&#8230; <\/h4>\n\n\n\n<p class=\"has-text-align-center\">Le Bysi (By Your SIde, et \u00e7a se prononce |bizi|) est \u00e0 vos c\u00f4t\u00e9s. <br>Litt\u00e9ralement, pour transporter, sur le c\u00f4t\u00e9 d\u2019un v\u00e9lo, des courses, un animal de compagnie, ou un enfant. <br>Avec le Bysi, votre v\u00e9lo devient un v\u00e9lo cargo \u00e0 trois roues qui est stable, visible et cool \u00e0 piloter.<\/p>\n\n\n\n<hr class=\"wp-block-separator\"\/>\n\n\n\n<h4 class=\"has-text-align-center wp-block-heading\">Un unique syst\u00e8me de fixation sur votre v\u00e9lo, <meta charset=\"utf-8\">pour trois usages.<\/h4>\n\n\n\n<div class=\"wp-block-columns is-layout-flex wp-container-core-columns-is-layout-1 wp-block-columns-is-layout-flex\">\n<div class=\"wp-block-column is-layout-flow wp-block-column-is-layout-flow\">\n<figure class=\"wp-block-image size-full\"><a href=\"https:\/\/tenkey.eu\/ma-preprod\/wp-content\/uploads\/2022\/01\/Tenkey_Le_Bysi_cargo.png\"><img loading=\"lazy\" decoding=\"async\" width=\"860\" height=\"619\" src=\"https:\/\/tenkey.eu\/ma-preprod\/wp-content\/uploads\/2022\/01\/Tenkey_Le_Bysi_cargo.png\" alt=\"\" class=\"wp-image-373\" srcset=\"https:\/\/tenkey.eu\/ma-preprod\/wp-content\/uploads\/2022\/01\/Tenkey_Le_Bysi_cargo.png 860w, https:\/\/tenkey.eu\/ma-preprod\/wp-content\/uploads\/2022\/01\/Tenkey_Le_Bysi_cargo-300x216.png 300w, https:\/\/tenkey.eu\/ma-preprod\/wp-content\/uploads\/2022\/01\/Tenkey_Le_Bysi_cargo-768x553.png 768w\" sizes=\"auto, (max-width: 860px) 100vw, 860px\" \/><\/a><\/figure>\n\n\n\n<h5 class=\"has-text-align-center wp-block-heading\"><meta charset=\"utf-8\">Bysi Cargo<\/h5>\n\n\n\n<p class=\"has-text-align-center\">Pour transporter vos courses<\/p>\n<\/div>\n\n\n\n<div class=\"wp-block-column is-layout-flow wp-block-column-is-layout-flow\">\n<figure class=\"wp-block-image size-full\"><a href=\"https:\/\/tenkey.eu\/ma-preprod\/wp-content\/uploads\/2022\/01\/Tenkey_Le_Bysi_enfant.png\"><img loading=\"lazy\" decoding=\"async\" width=\"853\" height=\"623\" src=\"https:\/\/tenkey.eu\/ma-preprod\/wp-content\/uploads\/2022\/01\/Tenkey_Le_Bysi_enfant.png\" alt=\"\" class=\"wp-image-374\" srcset=\"https:\/\/tenkey.eu\/ma-preprod\/wp-content\/uploads\/2022\/01\/Tenkey_Le_Bysi_enfant.png 853w, https:\/\/tenkey.eu\/ma-preprod\/wp-content\/uploads\/2022\/01\/Tenkey_Le_Bysi_enfant-300x219.png 300w, https:\/\/tenkey.eu\/ma-preprod\/wp-content\/uploads\/2022\/01\/Tenkey_Le_Bysi_enfant-768x561.png 768w\" sizes=\"auto, (max-width: 853px) 100vw, 853px\" \/><\/a><\/figure>\n\n\n\n<h5 class=\"has-text-align-center wp-block-heading\"><meta charset=\"utf-8\">Bysi Enfant<\/h5>\n\n\n\n<p class=\"has-text-align-center\"><meta charset=\"utf-8\"><meta charset=\"utf-8\">Voyager avec votre enfant \u00e0 c\u00f4t\u00e9 de vous<\/p>\n<\/div>\n\n\n\n<div class=\"wp-block-column is-layout-flow wp-block-column-is-layout-flow\">\n<figure class=\"wp-block-image size-full\"><a href=\"https:\/\/tenkey.eu\/ma-preprod\/wp-content\/uploads\/2022\/01\/Tenkey_Le_Bysi_compagnie.jpg\"><img loading=\"lazy\" decoding=\"async\" width=\"860\" height=\"619\" src=\"https:\/\/tenkey.eu\/ma-preprod\/wp-content\/uploads\/2022\/01\/Tenkey_Le_Bysi_compagnie.jpg\" alt=\"\" class=\"wp-image-390\" srcset=\"https:\/\/tenkey.eu\/ma-preprod\/wp-content\/uploads\/2022\/01\/Tenkey_Le_Bysi_compagnie.jpg 860w, https:\/\/tenkey.eu\/ma-preprod\/wp-content\/uploads\/2022\/01\/Tenkey_Le_Bysi_compagnie-300x216.jpg 300w, https:\/\/tenkey.eu\/ma-preprod\/wp-content\/uploads\/2022\/01\/Tenkey_Le_Bysi_compagnie-768x553.jpg 768w\" sizes=\"auto, (max-width: 860px) 100vw, 860px\" \/><\/a><\/figure>\n\n\n\n<h5 class=\"has-text-align-center wp-block-heading\"><meta charset=\"utf-8\"><meta charset=\"utf-8\">Bysi &amp; Compagnie<\/h5>\n\n\n\n<p class=\"has-text-align-center\"><meta charset=\"utf-8\">Se d\u00e9placer avec son animal de compagnie<\/p>\n<\/div>\n<\/div>\n\n\n\n<div class=\"wp-block-media-text alignfull has-media-on-the-right is-stacked-on-mobile has-foreground-background-color has-background\"><figure class=\"wp-block-media-text__media\"><video controls src=\"https:\/\/tenkey.eu\/ma-preprod\/wp-content\/uploads\/2022\/01\/Tenkey_2_Le_Bysi_un_Side_Bike_fait_en_France_pour_transporter_un_enfant2.mp4\"><\/video><\/figure><div class=\"wp-block-media-text__content\">\n<h4 class=\"has-text-align-center wp-block-heading\">Imagin\u00e9, con\u00e7u et fabriqu\u00e9 en France<\/h4>\n\n\n\n<p class=\"has-text-align-center\">Le Bysi c\u2019est aussi une solution \u00e9conomique, avec une empreinte environnementale limit\u00e9e, pour changer ses habitudes de d\u00e9placement, un syst\u00e8me \u00e0 vos c\u00f4t\u00e9s pour que la mobilit\u00e9 douce soit quelque chose de concret.<br><br>On l\u2019appelle parfois <em>side bike<\/em>, parce que ce n\u2019est pas une remorque v\u00e9lo classique, et ce n\u2019est pas non plus un side car.<\/p>\n<\/div><\/div>\n\n\n\n<div style=\"height:40px\" aria-hidden=\"true\" class=\"wp-block-spacer\"><\/div>\n\n\n\n<p class=\"has-text-align-center\"><meta charset=\"utf-8\">Et vous pouvez aussi rapidement mettre le Bysi de c\u00f4t\u00e9, quand il vous encombre, que le v\u00e9lo \u00e0 deux roues est plus utile, ou pour stationner votre v\u00e9lo dans un garage \u00e0 v\u00e9los. <br><br>La rumeur raconte que le Bysi aurait m\u00eame \u00e9t\u00e9 vu dans un train&#8230;<\/p>\n\n\n\n<div class=\"wp-block-image\"><figure class=\"aligncenter size-full is-resized\"><a href=\"https:\/\/tenkey.eu\/ma-preprod\/wp-content\/uploads\/2022\/01\/Tenkey_Le_Bysi_pliage2.jpg\"><img loading=\"lazy\" decoding=\"async\" src=\"https:\/\/tenkey.eu\/ma-preprod\/wp-content\/uploads\/2022\/01\/Tenkey_Le_Bysi_pliage2.jpg\" alt=\"\" class=\"wp-image-377\" width=\"478\" height=\"350\" srcset=\"https:\/\/tenkey.eu\/ma-preprod\/wp-content\/uploads\/2022\/01\/Tenkey_Le_Bysi_pliage2.jpg 846w, https:\/\/tenkey.eu\/ma-preprod\/wp-content\/uploads\/2022\/01\/Tenkey_Le_Bysi_pliage2-300x220.jpg 300w, https:\/\/tenkey.eu\/ma-preprod\/wp-content\/uploads\/2022\/01\/Tenkey_Le_Bysi_pliage2-768x564.jpg 768w\" sizes=\"auto, (max-width: 478px) 100vw, 478px\" \/><\/a><\/figure><\/div>\n\n\n\n<div style=\"height:34px\" aria-hidden=\"true\" class=\"wp-block-spacer\"><\/div>\n\n\n\n<h5 class=\"has-text-align-center has-foreground-color has-text-color wp-block-heading\">Vous gardez le contr\u00f4le<\/h5>\n\n\n\n<p class=\"has-text-align-center has-foreground-color has-text-color\">Prenez votre v\u00e9lo, celui qui est r\u00e9gl\u00e9 juste comme il faut, que vous ma\u00eetrisez du bout des doigts, et que vous poss\u00e9dez d\u00e9j\u00e0, et le Bysi sera \u00e0 vos c\u00f4t\u00e9s.<\/p>\n\n\n\n<div style=\"height:50px\" aria-hidden=\"true\" class=\"wp-block-spacer\"><\/div>\n\n\n\n<div class=\"wp-block-image\"><figure class=\"aligncenter size-full is-resized\"><a href=\"https:\/\/tenkey.eu\/ma-preprod\/wp-content\/uploads\/2022\/01\/logo-bysi-2.webp\"><img loading=\"lazy\" decoding=\"async\" src=\"https:\/\/tenkey.eu\/ma-preprod\/wp-content\/uploads\/2022\/01\/logo-bysi-2.webp\" alt=\"\" class=\"wp-image-338\" width=\"230\" height=\"100\"\/><\/a><\/figure><\/div>\n","protected":false},"excerpt":{"rendered":"<p>Une remorque v\u00e9lo, un side bike, une remorque lat\u00e9rale&#8230; Le Bysi (By Your SIde, et \u00e7a se prononce |bizi|) est \u00e0 vos c\u00f4t\u00e9s. Litt\u00e9ralement, pour transporter, sur le c\u00f4t\u00e9 d\u2019un v\u00e9lo, des courses, un animal de compagnie, ou un enfant. Avec le Bysi, votre v\u00e9lo devient un v\u00e9lo cargo \u00e0 trois roues qui est stable, [&hellip;]<\/p>\n","protected":false},"author":1,"featured_media":0,"parent":0,"menu_order":0,"comment_status":"closed","ping_status":"closed","template":"wp-custom-template-lebysi-style-2","meta":{"ca_portfolio_gallery_project_year":"","ca_portfolio_gallery_client":"","ca_portfolio_gallery_skills":"","ca_portfolio_gallery_url":"","inline_featured_image":false,"footnotes":""},"class_list":["post-101","page","type-page","status-publish","hentry"],"_links":{"self":[{"href":"https:\/\/tenkey.eu\/ma-preprod\/wp-json\/wp\/v2\/pages\/101","targetHints":{"allow":["GET"]}}],"collection":[{"href":"https:\/\/tenkey.eu\/ma-preprod\/wp-json\/wp\/v2\/pages"}],"about":[{"href":"https:\/\/tenkey.eu\/ma-preprod\/wp-json\/wp\/v2\/types\/page"}],"author":[{"embeddable":true,"href":"https:\/\/tenkey.eu\/ma-preprod\/wp-json\/wp\/v2\/users\/1"}],"replies":[{"embeddable":true,"href":"https:\/\/tenkey.eu\/ma-preprod\/wp-json\/wp\/v2\/comments?post=101"}],"version-history":[{"count":69,"href":"https:\/\/tenkey.eu\/ma-preprod\/wp-json\/wp\/v2\/pages\/101\/revisions"}],"predecessor-version":[{"id":553,"href":"https:\/\/tenkey.eu\/ma-preprod\/wp-json\/wp\/v2\/pages\/101\/revisions\/553"}],"wp:attachment":[{"href":"https:\/\/tenkey.eu\/ma-preprod\/wp-json\/wp\/v2\/media?parent=101"}],"curies":[{"name":"wp","href":"https:\/\/api.w.org\/{rel}","templated":true}]}}